{"id":705,"date":"2025-08-06T19:20:36","date_gmt":"2025-08-06T17:20:36","guid":{"rendered":"https:\/\/www.solutprint.com\/?page_id=705"},"modified":"2025-08-06T20:12:25","modified_gmt":"2025-08-06T18:12:25","slug":"allo-bache-vinyle-micro-perfore","status":"publish","type":"page","link":"https:\/\/www.solutprint.com\/?page_id=705","title":{"rendered":"All\u00f4 bache, vinyle &amp; micro-perfor\u00e9"},"content":{"rendered":"<style>.wp-block-kadence-advancedheading.kt-adv-heading705_34a2ba-00, .wp-block-kadence-advancedheading.kt-adv-heading705_34a2ba-00[data-kb-block=\"kb-adv-heading705_34a2ba-00\"]{font-style:normal;}.wp-block-kadence-advancedheading.kt-adv-heading705_34a2ba-00 mark.kt-highlight, .wp-block-kadence-advancedheading.kt-adv-heading705_34a2ba-00[data-kb-block=\"kb-adv-heading705_34a2ba-00\"] mark.kt-highlight{font-style:normal;color:#f76a0c;-webkit-box-decoration-break:clone;box-decoration-break:clone;padding-top:0px;padding-right:0px;padding-bottom:0px;padding-left:0px;}.wp-block-kadence-advancedheading.kt-adv-heading705_34a2ba-00 img.kb-inline-image, .wp-block-kadence-advancedheading.kt-adv-heading705_34a2ba-00[data-kb-block=\"kb-adv-heading705_34a2ba-00\"] img.kb-inline-image{width:150px;vertical-align:baseline;}<\/style>\n<h2 class=\"kt-adv-heading705_34a2ba-00 wp-block-kadence-advancedheading\" data-kb-block=\"kb-adv-heading705_34a2ba-00\">All\u00f4 bache, vinyle &amp; micro-perfor\u00e9 <\/h2>\n\n\n<style>.wp-block-kadence-advancedheading.kt-adv-heading705_bee0b8-eb, .wp-block-kadence-advancedheading.kt-adv-heading705_bee0b8-eb[data-kb-block=\"kb-adv-heading705_bee0b8-eb\"]{font-style:normal;}.wp-block-kadence-advancedheading.kt-adv-heading705_bee0b8-eb mark.kt-highlight, .wp-block-kadence-advancedheading.kt-adv-heading705_bee0b8-eb[data-kb-block=\"kb-adv-heading705_bee0b8-eb\"] mark.kt-highlight{font-style:normal;color:#f76a0c;-webkit-box-decoration-break:clone;box-decoration-break:clone;padding-top:0px;padding-right:0px;padding-bottom:0px;padding-left:0px;}.wp-block-kadence-advancedheading.kt-adv-heading705_bee0b8-eb img.kb-inline-image, .wp-block-kadence-advancedheading.kt-adv-heading705_bee0b8-eb[data-kb-block=\"kb-adv-heading705_bee0b8-eb\"] img.kb-inline-image{width:150px;vertical-align:baseline;}<\/style>\n<p class=\"kt-adv-heading705_bee0b8-eb wp-block-kadence-advancedheading\" data-kb-block=\"kb-adv-heading705_bee0b8-eb\">Ce formulaire a pour but de recueillir les informations n\u00e9cessaires \u00e0 la cr\u00e9ation de vos supports personnalis\u00e9s : badges, vinyles ou micro-perfor\u00e9s.<br>En renseignant vos dimensions (en m\u00b2), le type de produit souhait\u00e9, ainsi que vos coordonn\u00e9es, vous nous permettez de traiter efficacement votre demande.<br>\u00a0<br>Le tarif indicatif est de <strong>5 000 FCFA par m\u00e8tre carr\u00e9.<\/strong> Une fois votre formulaire envoy\u00e9, notre \u00e9quipe vous contactera pour vous confirmer le prix total en fonction du nombre m\u00e8tre fournis, et pour finaliser la commande.<br>\u00a0<br>Merci de remplir toutes les informations avec pr\u00e9cision afin de garantir un service rapide et de qualit\u00e9.<\/p>\n\n\n<style>.kb-row-layout-id705_dd6c9b-49 > .kt-row-column-wrap{align-content:start;}:where(.kb-row-layout-id705_dd6c9b-49 > .kt-row-column-wrap) > .wp-block-kadence-column{justify-content:start;}.kb-row-layout-id705_dd6c9b-49 > .kt-row-column-wrap{column-gap:var(--global-kb-gap-md, 2rem);row-gap:var(--global-kb-gap-md, 2rem);padding-top:var(--global-kb-spacing-sm, 1.5rem);padding-bottom:var(--global-kb-spacing-sm, 1.5rem);grid-template-columns:minmax(0, 1fr);}.kb-row-layout-id705_dd6c9b-49{background-color:#ff9203;}.kb-row-layout-id705_dd6c9b-49 > .kt-row-layout-overlay{opacity:0.30;}@media all and (max-width: 1024px){.kb-row-layout-id705_dd6c9b-49 > .kt-row-column-wrap{grid-template-columns:minmax(0, 1fr);}}@media all and (max-width: 767px){.kb-row-layout-id705_dd6c9b-49 > .kt-row-column-wrap{grid-template-columns:minmax(0, 1fr);}}<\/style><div class=\"kb-row-layout-wrap kb-row-layout-id705_dd6c9b-49 alignnone kt-row-has-bg wp-block-kadence-rowlayout\"><div class=\"kt-row-column-wrap kt-has-1-columns kt-row-layout-equal kt-tab-layout-inherit kt-mobile-layout-row kt-row-valign-top\">\n<style>.kadence-column705_d77b2c-fb > .kt-inside-inner-col,.kadence-column705_d77b2c-fb > .kt-inside-inner-col:before{border-top-left-radius:0px;border-top-right-radius:0px;border-bottom-right-radius:0px;border-bottom-left-radius:0px;}.kadence-column705_d77b2c-fb > .kt-inside-inner-col{column-gap:var(--global-kb-gap-sm, 1rem);}.kadence-column705_d77b2c-fb > .kt-inside-inner-col{flex-direction:column;}.kadence-column705_d77b2c-fb > .kt-inside-inner-col > .aligncenter{width:100%;}.kadence-column705_d77b2c-fb > .kt-inside-inner-col:before{opacity:0.3;}.kadence-column705_d77b2c-fb{position:relative;}@media all and (max-width: 1024px){.kadence-column705_d77b2c-fb > .kt-inside-inner-col{flex-direction:column;justify-content:center;}}@media all and (max-width: 767px){.kadence-column705_d77b2c-fb > .kt-inside-inner-col{flex-direction:column;justify-content:center;}}<\/style>\n<div class=\"wp-block-kadence-column kadence-column705_d77b2c-fb\"><div class=\"kt-inside-inner-col\"><div class=\"wp-block-kadence-advanced-form wp-block-kadence-advanced-form706-cpt-id kb-adv-form-label-style-normal kb-adv-form-input-size-standard kb-form-basic-style wp-block-kadence-advanced-form\"><form id=\"kb-adv-form-706-cpt-id\" class=\"kb-advanced-form\" method=\"post\">\n<style>.kb-row-layout-id705_12ec02-3b > .kt-row-column-wrap{align-content:start;}:where(.kb-row-layout-id705_12ec02-3b > .kt-row-column-wrap) > .wp-block-kadence-column{justify-content:start;}.kb-row-layout-id705_12ec02-3b > .kt-row-column-wrap{column-gap:var(--global-kb-gap-md, 2rem);row-gap:var(--global-kb-gap-md, 2rem);padding-top:0px;padding-right:0px;padding-bottom:0px;padding-left:0px;grid-template-columns:repeat(2, minmax(0, 1fr));}.kb-row-layout-id705_12ec02-3b > .kt-row-layout-overlay{opacity:0.30;}@media all and (max-width: 1024px){.kb-row-layout-id705_12ec02-3b > .kt-row-column-wrap{grid-template-columns:repeat(2, minmax(0, 1fr));}}@media all and (max-width: 767px){.kb-row-layout-id705_12ec02-3b > .kt-row-column-wrap{grid-template-columns:minmax(0, 1fr);}}<\/style><div class=\"kb-row-layout-wrap kb-row-layout-id705_12ec02-3b alignnone wp-block-kadence-rowlayout\"><div class=\"kt-row-column-wrap kt-has-2-columns kt-row-layout-equal kt-tab-layout-inherit kt-mobile-layout-row kt-row-valign-top\">\n<style>.kadence-column705_cacf59-02 > .kt-inside-inner-col,.kadence-column705_cacf59-02 > .kt-inside-inner-col:before{border-top-left-radius:0px;border-top-right-radius:0px;border-bottom-right-radius:0px;border-bottom-left-radius:0px;}.kadence-column705_cacf59-02 > .kt-inside-inner-col{column-gap:var(--global-kb-gap-sm, 1rem);}.kadence-column705_cacf59-02 > .kt-inside-inner-col{flex-direction:column;}.kadence-column705_cacf59-02 > .kt-inside-inner-col > .aligncenter{width:100%;}.kadence-column705_cacf59-02 > .kt-inside-inner-col:before{opacity:0.3;}.kadence-column705_cacf59-02{position:relative;}@media all and (max-width: 1024px){.kadence-column705_cacf59-02 > .kt-inside-inner-col{flex-direction:column;justify-content:center;}}@media all and (max-width: 767px){.kadence-column705_cacf59-02 > .kt-inside-inner-col{flex-direction:column;justify-content:center;}}<\/style>\n<div class=\"wp-block-kadence-column kadence-column705_cacf59-02\"><div class=\"kt-inside-inner-col\"><div class=\"kb-adv-form-field kb-adv-form-text-type-input kb-adv-form-infield-type-input kb-field706563c3f-b5 wp-block-kadence-advanced-form-text\"><label class=\"kb-adv-form-label\" for=\"field706563c3f-b5\">Nom<span class=\"kb-adv-form-required\">*<\/span><\/label><input name=\"field563c3f-b5\" id=\"field706563c3f-b5\" data-label=\"Nom\" type=\"text\" placeholder=\"\" value=\"\" data-type=\"text\" class=\"kb-field kb-text-field\" data-required=\"yes\" required aria-required=\"true\"\/><\/div>\n\n<div class=\"kb-adv-form-field kb-adv-form-text-type-input kb-adv-form-infield-type-input kb-field706e75a80-01 wp-block-kadence-advanced-form-text\"><label class=\"kb-adv-form-label\" for=\"field706e75a80-01\">Ville<\/label><input name=\"fielde75a80-01\" id=\"field706e75a80-01\" data-label=\"Ville\" type=\"text\" placeholder=\"\" value=\"\" data-type=\"text\" class=\"kb-field kb-text-field\" data-required=\"no\" \/><\/div><\/div><\/div>\n\n\n<style>.kadence-column705_535e17-30 > .kt-inside-inner-col,.kadence-column705_535e17-30 > .kt-inside-inner-col:before{border-top-left-radius:0px;border-top-right-radius:0px;border-bottom-right-radius:0px;border-bottom-left-radius:0px;}.kadence-column705_535e17-30 > .kt-inside-inner-col{column-gap:var(--global-kb-gap-sm, 1rem);}.kadence-column705_535e17-30 > .kt-inside-inner-col{flex-direction:column;}.kadence-column705_535e17-30 > .kt-inside-inner-col > .aligncenter{width:100%;}.kadence-column705_535e17-30 > .kt-inside-inner-col:before{opacity:0.3;}.kadence-column705_535e17-30{position:relative;}@media all and (max-width: 1024px){.kadence-column705_535e17-30 > .kt-inside-inner-col{flex-direction:column;justify-content:center;}}@media all and (max-width: 767px){.kadence-column705_535e17-30 > .kt-inside-inner-col{flex-direction:column;justify-content:center;}}<\/style>\n<div class=\"wp-block-kadence-column kadence-column705_535e17-30\"><div class=\"kt-inside-inner-col\"><div class=\"kb-adv-form-field kb-adv-form-text-type-input kb-adv-form-infield-type-input kb-field706c57720-ef wp-block-kadence-advanced-form-text\"><label class=\"kb-adv-form-label\" for=\"field706c57720-ef\">Pr\u00e9noms<\/label><input name=\"fieldc57720-ef\" id=\"field706c57720-ef\" data-label=\"Pr\u00e9noms\" type=\"text\" placeholder=\"\" value=\"\" data-type=\"text\" class=\"kb-field kb-text-field\" data-required=\"no\" \/><\/div>\n\n<div class=\"kb-adv-form-field kb-adv-form-text-type-input kb-adv-form-infield-type-input kb-field706881128-51 wp-block-kadence-advanced-form-telephone\"><label class=\"kb-adv-form-label\" for=\"field706881128-51\">Contact <span class=\"kb-adv-form-required\">*<\/span><\/label><input name=\"field881128-51\" id=\"field706881128-51\" data-label=\"Contact \" type=\"tel\" placeholder=\"\" value=\"\" data-type=\"tel\" class=\"kb-field kb-tel-field\" data-required=\"yes\" required aria-required=\"true\"\/><\/div><\/div><\/div>\n\n<\/div><\/div>\n\n<style>.kb-row-layout-id705_bfb1d9-27 > .kt-row-column-wrap{align-content:start;}:where(.kb-row-layout-id705_bfb1d9-27 > .kt-row-column-wrap) > .wp-block-kadence-column{justify-content:start;}.kb-row-layout-id705_bfb1d9-27 > .kt-row-column-wrap{column-gap:var(--global-kb-gap-md, 2rem);row-gap:var(--global-kb-gap-md, 2rem);padding-top:var(--global-kb-spacing-sm, 1.5rem);grid-template-columns:repeat(2, minmax(0, 1fr));}.kb-row-layout-id705_bfb1d9-27 > .kt-row-layout-overlay{opacity:0.30;}@media all and (max-width: 1024px){.kb-row-layout-id705_bfb1d9-27 > .kt-row-column-wrap{grid-template-columns:repeat(2, minmax(0, 1fr));}}@media all and (max-width: 767px){.kb-row-layout-id705_bfb1d9-27 > .kt-row-column-wrap{grid-template-columns:minmax(0, 1fr);}}<\/style><div class=\"kb-row-layout-wrap kb-row-layout-id705_bfb1d9-27 alignnone wp-block-kadence-rowlayout\"><div class=\"kt-row-column-wrap kt-has-2-columns kt-row-layout-equal kt-tab-layout-inherit kt-mobile-layout-row kt-row-valign-top\">\n<style>.kadence-column705_f25e00-d2 > .kt-inside-inner-col,.kadence-column705_f25e00-d2 > .kt-inside-inner-col:before{border-top-left-radius:0px;border-top-right-radius:0px;border-bottom-right-radius:0px;border-bottom-left-radius:0px;}.kadence-column705_f25e00-d2 > .kt-inside-inner-col{column-gap:var(--global-kb-gap-sm, 1rem);}.kadence-column705_f25e00-d2 > .kt-inside-inner-col{flex-direction:column;}.kadence-column705_f25e00-d2 > .kt-inside-inner-col > .aligncenter{width:100%;}.kadence-column705_f25e00-d2 > .kt-inside-inner-col:before{opacity:0.3;}.kadence-column705_f25e00-d2{position:relative;}@media all and (max-width: 1024px){.kadence-column705_f25e00-d2 > .kt-inside-inner-col{flex-direction:column;justify-content:center;}}@media all and (max-width: 767px){.kadence-column705_f25e00-d2 > .kt-inside-inner-col{flex-direction:column;justify-content:center;}}<\/style>\n<div class=\"wp-block-kadence-column kadence-column705_f25e00-d2\"><div class=\"kt-inside-inner-col\"><div class=\"kb-adv-form-field kb-field706561a7e-90 wp-block-kadence-advanced-form-checkbox\"><fieldset class=\"kb-radio-check-item-wrap\" id=\"cb706561a7e-90\" data-type=\"checkbox\" data-required=\"no\" ><legend class=\"kb-adv-form-label\">Types d&rsquo;impressions<\/legend><div class=\"kb-radio-check-item\"><input class=\"kb-checkbox-style\" type=\"checkbox\"  id=\"field706561a7e-90_0\" name=\"field561a7e-90[]\" value=\"Bache\"><label for=\"field706561a7e-90_0\">Bache<\/label><\/div><div class=\"kb-radio-check-item\"><input class=\"kb-checkbox-style\" type=\"checkbox\"  id=\"field706561a7e-90_1\" name=\"field561a7e-90[]\" value=\"Vinyle\"><label for=\"field706561a7e-90_1\">Vinyle<\/label><\/div><div class=\"kb-radio-check-item\"><input class=\"kb-checkbox-style\" type=\"checkbox\"  id=\"field706561a7e-90_2\" name=\"field561a7e-90[]\" value=\"Micro-perfor\u00e9\"><label for=\"field706561a7e-90_2\">Micro-perfor\u00e9<\/label><\/div><\/fieldset><\/div><\/div><\/div>\n\n\n<style>.kadence-column705_4c193a-fd > .kt-inside-inner-col,.kadence-column705_4c193a-fd > .kt-inside-inner-col:before{border-top-left-radius:0px;border-top-right-radius:0px;border-bottom-right-radius:0px;border-bottom-left-radius:0px;}.kadence-column705_4c193a-fd > .kt-inside-inner-col{column-gap:var(--global-kb-gap-sm, 1rem);}.kadence-column705_4c193a-fd > .kt-inside-inner-col{flex-direction:column;}.kadence-column705_4c193a-fd > .kt-inside-inner-col > .aligncenter{width:100%;}.kadence-column705_4c193a-fd > .kt-inside-inner-col:before{opacity:0.3;}.kadence-column705_4c193a-fd{position:relative;}@media all and (max-width: 1024px){.kadence-column705_4c193a-fd > .kt-inside-inner-col{flex-direction:column;justify-content:center;}}@media all and (max-width: 767px){.kadence-column705_4c193a-fd > .kt-inside-inner-col{flex-direction:column;justify-content:center;}}<\/style>\n<div class=\"wp-block-kadence-column kadence-column705_4c193a-fd\"><div class=\"kt-inside-inner-col\"><div class=\"kb-adv-form-field kb-adv-form-text-type-input kb-adv-form-infield-type-input kb-field706652e4a-0e wp-block-kadence-advanced-form-number\"><label class=\"kb-adv-form-label\" for=\"field706652e4a-0e\">Quantit\u00e9<\/label><input name=\"field652e4a-0e\" id=\"field706652e4a-0e\" data-label=\"Quantit\u00e9\" type=\"number\" placeholder=\"\" value=\"\" data-type=\"number\" class=\"kb-field kb-number-field\" data-required=\"no\"  \/><\/div><\/div><\/div>\n\n<\/div><\/div>\n\n<style>.kb-row-layout-id705_c3fe61-52 > .kt-row-column-wrap{align-content:start;}:where(.kb-row-layout-id705_c3fe61-52 > .kt-row-column-wrap) > .wp-block-kadence-column{justify-content:start;}.kb-row-layout-id705_c3fe61-52 > .kt-row-column-wrap{column-gap:var(--global-kb-gap-md, 2rem);row-gap:var(--global-kb-gap-md, 2rem);grid-template-columns:minmax(0, 1fr);}.kb-row-layout-id705_c3fe61-52 > .kt-row-layout-overlay{opacity:0.30;}@media all and (max-width: 1024px){.kb-row-layout-id705_c3fe61-52 > .kt-row-column-wrap{grid-template-columns:minmax(0, 1fr);}}@media all and (max-width: 767px){.kb-row-layout-id705_c3fe61-52 > .kt-row-column-wrap{grid-template-columns:minmax(0, 1fr);}}<\/style><div class=\"kb-row-layout-wrap kb-row-layout-id705_c3fe61-52 alignnone wp-block-kadence-rowlayout\"><div class=\"kt-row-column-wrap kt-has-1-columns kt-row-layout-equal kt-tab-layout-inherit kt-mobile-layout-row kt-row-valign-top\">\n<style>.kadence-column705_169adf-fc > .kt-inside-inner-col,.kadence-column705_169adf-fc > .kt-inside-inner-col:before{border-top-left-radius:0px;border-top-right-radius:0px;border-bottom-right-radius:0px;border-bottom-left-radius:0px;}.kadence-column705_169adf-fc > .kt-inside-inner-col{column-gap:var(--global-kb-gap-sm, 1rem);}.kadence-column705_169adf-fc > .kt-inside-inner-col{flex-direction:column;}.kadence-column705_169adf-fc > .kt-inside-inner-col > .aligncenter{width:100%;}.kadence-column705_169adf-fc > .kt-inside-inner-col:before{opacity:0.3;}.kadence-column705_169adf-fc{position:relative;}@media all and (max-width: 1024px){.kadence-column705_169adf-fc > .kt-inside-inner-col{flex-direction:column;justify-content:center;}}@media all and (max-width: 767px){.kadence-column705_169adf-fc > .kt-inside-inner-col{flex-direction:column;justify-content:center;}}<\/style>\n<div class=\"wp-block-kadence-column kadence-column705_169adf-fc\"><div class=\"kt-inside-inner-col\"><style>.wp-block-kadence-advancedheading.kt-adv-heading705_0ef6f9-4f, .wp-block-kadence-advancedheading.kt-adv-heading705_0ef6f9-4f[data-kb-block=\"kb-adv-heading705_0ef6f9-4f\"]{text-align:center;font-style:normal;}.wp-block-kadence-advancedheading.kt-adv-heading705_0ef6f9-4f mark.kt-highlight, .wp-block-kadence-advancedheading.kt-adv-heading705_0ef6f9-4f[data-kb-block=\"kb-adv-heading705_0ef6f9-4f\"] mark.kt-highlight{font-style:normal;color:#f76a0c;-webkit-box-decoration-break:clone;box-decoration-break:clone;padding-top:0px;padding-right:0px;padding-bottom:0px;padding-left:0px;}.wp-block-kadence-advancedheading.kt-adv-heading705_0ef6f9-4f img.kb-inline-image, .wp-block-kadence-advancedheading.kt-adv-heading705_0ef6f9-4f[data-kb-block=\"kb-adv-heading705_0ef6f9-4f\"] img.kb-inline-image{width:150px;vertical-align:baseline;}<\/style>\n<h4 class=\"kt-adv-heading705_0ef6f9-4f wp-block-kadence-advancedheading\" data-kb-block=\"kb-adv-heading705_0ef6f9-4f\">Votre dimension pour l&rsquo;impression en centimetre<\/h4>\n<\/div><\/div>\n\n<\/div><\/div>\n\n<style>.kb-row-layout-id705_a8c46b-f1 > .kt-row-column-wrap{align-content:start;}:where(.kb-row-layout-id705_a8c46b-f1 > .kt-row-column-wrap) > .wp-block-kadence-column{justify-content:start;}.kb-row-layout-id705_a8c46b-f1 > .kt-row-column-wrap{column-gap:var(--global-kb-gap-md, 2rem);row-gap:var(--global-kb-gap-md, 2rem);padding-bottom:var(--global-kb-spacing-sm, 1.5rem);grid-template-columns:repeat(2, minmax(0, 1fr));}.kb-row-layout-id705_a8c46b-f1 > .kt-row-layout-overlay{opacity:0.30;}@media all and (max-width: 1024px){.kb-row-layout-id705_a8c46b-f1 > .kt-row-column-wrap{grid-template-columns:repeat(2, minmax(0, 1fr));}}@media all and (max-width: 767px){.kb-row-layout-id705_a8c46b-f1 > .kt-row-column-wrap{grid-template-columns:minmax(0, 1fr);}}<\/style><div class=\"kb-row-layout-wrap kb-row-layout-id705_a8c46b-f1 alignnone wp-block-kadence-rowlayout\"><div class=\"kt-row-column-wrap kt-has-2-columns kt-row-layout-equal kt-tab-layout-inherit kt-mobile-layout-row kt-row-valign-top\">\n<style>.kadence-column705_450351-37 > .kt-inside-inner-col,.kadence-column705_450351-37 > .kt-inside-inner-col:before{border-top-left-radius:0px;border-top-right-radius:0px;border-bottom-right-radius:0px;border-bottom-left-radius:0px;}.kadence-column705_450351-37 > .kt-inside-inner-col{column-gap:var(--global-kb-gap-sm, 1rem);}.kadence-column705_450351-37 > .kt-inside-inner-col{flex-direction:column;}.kadence-column705_450351-37 > .kt-inside-inner-col > .aligncenter{width:100%;}.kadence-column705_450351-37 > .kt-inside-inner-col:before{opacity:0.3;}.kadence-column705_450351-37{position:relative;}@media all and (max-width: 1024px){.kadence-column705_450351-37 > .kt-inside-inner-col{flex-direction:column;justify-content:center;}}@media all and (max-width: 767px){.kadence-column705_450351-37 > .kt-inside-inner-col{flex-direction:column;justify-content:center;}}<\/style>\n<div class=\"wp-block-kadence-column kadence-column705_450351-37\"><div class=\"kt-inside-inner-col\"><div class=\"kb-adv-form-field kb-adv-form-text-type-input kb-adv-form-infield-type-input kb-field706803892-99 wp-block-kadence-advanced-form-text\"><label class=\"kb-adv-form-label\" for=\"field706803892-99\">Longueurs <span class=\"kb-adv-form-required\">*<\/span><\/label><input name=\"field803892-99\" id=\"field706803892-99\" data-label=\"Longueurs \" type=\"text\" placeholder=\"\" value=\"\" data-type=\"text\" class=\"kb-field kb-text-field\" data-required=\"yes\" required aria-required=\"true\"\/><\/div><\/div><\/div>\n\n\n<style>.kadence-column705_fb4e7e-94 > .kt-inside-inner-col,.kadence-column705_fb4e7e-94 > .kt-inside-inner-col:before{border-top-left-radius:0px;border-top-right-radius:0px;border-bottom-right-radius:0px;border-bottom-left-radius:0px;}.kadence-column705_fb4e7e-94 > .kt-inside-inner-col{column-gap:var(--global-kb-gap-sm, 1rem);}.kadence-column705_fb4e7e-94 > .kt-inside-inner-col{flex-direction:column;}.kadence-column705_fb4e7e-94 > .kt-inside-inner-col > .aligncenter{width:100%;}.kadence-column705_fb4e7e-94 > .kt-inside-inner-col:before{opacity:0.3;}.kadence-column705_fb4e7e-94{position:relative;}@media all and (max-width: 1024px){.kadence-column705_fb4e7e-94 > .kt-inside-inner-col{flex-direction:column;justify-content:center;}}@media all and (max-width: 767px){.kadence-column705_fb4e7e-94 > .kt-inside-inner-col{flex-direction:column;justify-content:center;}}<\/style>\n<div class=\"wp-block-kadence-column kadence-column705_fb4e7e-94\"><div class=\"kt-inside-inner-col\"><div class=\"kb-adv-form-field kb-adv-form-text-type-input kb-adv-form-infield-type-input kb-field7062686d3-66 wp-block-kadence-advanced-form-text\"><label class=\"kb-adv-form-label\" for=\"field7062686d3-66\">Lageurs <span class=\"kb-adv-form-required\">*<\/span><\/label><input name=\"field2686d3-66\" id=\"field7062686d3-66\" data-label=\"Lageurs \" type=\"text\" placeholder=\"\" value=\"\" data-type=\"text\" class=\"kb-field kb-text-field\" data-required=\"yes\" required aria-required=\"true\"\/><\/div><\/div><\/div>\n\n<\/div><\/div>\n\n<div class=\"kb-adv-form-field kb-adv-form-file-type-input kb-adv-form-infield-type-input kb-field706ceb5e4-a9 wp-block-kadence-advanced-form-file\"><label class=\"kb-adv-form-label\" for=\"field706ceb5e4-a9\">Join votre maquette <span class=\"kb-adv-form-required\">*<\/span><\/label><input name=\"fieldceb5e4-a9[]\" id=\"field706ceb5e4-a9\" data-label=\"Join votre maquette \" type=\"file\" placeholder=\"\" value=\"\" data-type=\"file\" class=\"kb-field kb-file-field\" data-required=\"yes\" required aria-required=\"true\" multiple\/><\/div>\n\n<div class=\"kb-adv-form-field kb-adv-form-text-type-input kb-adv-form-infield-type-input kb-field70607c98c-b3 wp-block-kadence-advanced-form-textarea\"><label class=\"kb-adv-form-label\" for=\"field70607c98c-b3\">Message<span class=\"kb-adv-form-required\">*<\/span><\/label><textarea name=\"field07c98c-b3\" id=\"field70607c98c-b3\" rows=\"3\"  data-label=\"Message\" placeholder=\"\" data-type=\"textarea\" class=\"kb-field kb-textarea-field\" data-required=\"yes\" required aria-required=\"true\"><\/textarea><\/div>\n\n<div class=\"kb-adv-form-field kb-field7067e23a2-9d wp-block-kadence-advanced-form-accept\"><fieldset class=\"kb-radio-check-item-wrap\" id=\"cb7067e23a2-9d\" data-type=\"accept\" data-required=\"yes\" ><legend class=\"kb-adv-form-label\">Consigne<span class=\"kb-adv-form-required\">*<\/span><\/legend><div class=\"kb-radio-check-item\"><input name=\"field7e23a2-9d\" id=\"field7067e23a2-9d_0\" data-label=\"Consigne\" type=\"checkbox\" value=\"accept\" data-type=\"accept\" class=\"kb-field kb-accept-field kb-checkbox-field\" data-required=\"yes\" required aria-required=\"true\"\/><label for=\"field7067e23a2-9d_0\">En soumettant ce formulaire, je confirme avoir correctement renseign\u00e9 les informations n\u00e9cessaires (dimensions en m\u00b2 et le type de produit). Je prends note que le prix est de 5 000 FCFA par m\u00e8tre carr\u00e9. Une fois le formulaire re\u00e7u, l\u2019\u00e9quipe SOLUPRINT me contactera pour confirmer le tarif total et finaliser la commande.<\/label><\/div><\/fieldset><\/div>\n\n<style>ul.menu .kb-submit-field .kb-btn6fe08f-61.kb-button{width:initial;}.kb-submit-field.kb-field6fe08f-61{justify-content:center;}<\/style><div class=\"kb-adv-form-field kb-submit-field kb-field6fe08f-61 wp-block-kadence-advanced-form-submit\"><button class=\"kb-button kt-button button kb-adv-form-submit-button kb-btn6fe08f-61 kt-btn-size-standard kt-btn-width-type-auto kb-btn-global-fill kt-btn-has-text-true kt-btn-has-svg-false\" type=\"submit\"><span class=\"kt-btn-inner-text\">Envoyer<\/span><\/button><\/div>\n<input type=\"hidden\" name=\"_kb_adv_form_post_id\" value=\"706\"><input type=\"hidden\" name=\"action\" value=\"kb_process_advanced_form_submit\"><input type=\"hidden\" name=\"_kb_adv_form_id\" value=\"706-cpt-id\"><\/form><\/div><\/div><\/div>\n\n<\/div><\/div>","protected":false},"excerpt":{"rendered":"<p>All\u00f4 bache, vinyle &amp; micro-perfor\u00e9 Ce formulaire a pour but de recueillir les informations n\u00e9cessaires \u00e0 la cr\u00e9ation de vos supports personnalis\u00e9s : badges, vinyles ou micro-perfor\u00e9s.En renseignant vos dimensions (en m\u00b2), le type de produit souhait\u00e9, ainsi que vos coordonn\u00e9es, vous nous permettez de traiter efficacement votre demande.\u00a0Le tarif indicatif est de 5 000&#8230;<\/p>\n","protected":false},"author":1,"featured_media":0,"parent":0,"menu_order":0,"comment_status":"closed","ping_status":"closed","template":"","meta":{"_kad_post_transparent":"","_kad_post_title":"hide","_kad_post_layout":"right","_kad_post_sidebar_id":"","_kad_post_content_style":"unboxed","_kad_post_vertical_padding":"","_kad_post_feature":"","_kad_post_feature_position":"","_kad_post_header":false,"_kad_post_footer":false,"footnotes":""},"class_list":["post-705","page","type-page","status-publish","hentry"],"_links":{"self":[{"href":"https:\/\/www.solutprint.com\/index.php?rest_route=\/wp\/v2\/pages\/705","targetHints":{"allow":["GET"]}}],"collection":[{"href":"https:\/\/www.solutprint.com\/index.php?rest_route=\/wp\/v2\/pages"}],"about":[{"href":"https:\/\/www.solutprint.com\/index.php?rest_route=\/wp\/v2\/types\/page"}],"author":[{"embeddable":true,"href":"https:\/\/www.solutprint.com\/index.php?rest_route=\/wp\/v2\/users\/1"}],"replies":[{"embeddable":true,"href":"https:\/\/www.solutprint.com\/index.php?rest_route=%2Fwp%2Fv2%2Fcomments&post=705"}],"version-history":[{"count":4,"href":"https:\/\/www.solutprint.com\/index.php?rest_route=\/wp\/v2\/pages\/705\/revisions"}],"predecessor-version":[{"id":722,"href":"https:\/\/www.solutprint.com\/index.php?rest_route=\/wp\/v2\/pages\/705\/revisions\/722"}],"wp:attachment":[{"href":"https:\/\/www.solutprint.com\/index.php?rest_route=%2Fwp%2Fv2%2Fmedia&parent=705"}],"curies":[{"name":"wp","href":"https:\/\/api.w.org\/{rel}","templated":true}]}}